{"id":87,"date":"2024-07-24T15:34:26","date_gmt":"2024-07-24T13:34:26","guid":{"rendered":"https:\/\/centurio-solutions.de\/?page_id=87"},"modified":"2024-07-25T18:19:29","modified_gmt":"2024-07-25T16:19:29","slug":"ueber-uns","status":"publish","type":"page","link":"https:\/\/centurio-solutions.de\/index.php\/ueber-uns\/","title":{"rendered":"\u00dcber Uns"},"content":{"rendered":"\n<p>Centurio Solutions wurde mit dem Anreiz gegr\u00fcndet einen echten Mehrwert f\u00fcr alle Stakeholder zu schaffen. Dies bedeutet, dass wir nicht nur Kunden oder Profit orientiert arbeiten, sondern einen holistischen Ansatz verfolgen um f\u00fcr alle Beteiligten eine Win-Win Situation zu kreieren.<\/p>\n\n\n\n<p><br>Die Gr\u00fcnder sind ehemalige Mitglieder der Luftlandeeinheiten der Bundeswehr und haben dort umfangreiche Ausbildungen auf verschiedenen Gebieten genossen. <\/p>\n\n\n\n<p>Nach dem Ausscheiden aus dem aktiven Dienst folgte der Einstieg in den privaten Sicherheitsbereich sowie diverse Weiterbildungsma\u00dfnahmen und Zertifizierungen. <\/p>\n\n\n\n<p>Durch mehrj\u00e4hrige Erfahrung im Angestelltenverh\u00e4ltnis bzw. Einzelunternehmertum und unz\u00e4hligen Stunden der Sicherheitsdienstleistungen bei unterschiedlichsten Gegebenheiten, k\u00f6nnen wir mit Gewissheit sagen, dass wir ein tiefes Verst\u00e4ndnis f\u00fcr unsere Arbeit gewonnen haben. <br>Diese Expertise bieten wir Ihnen in Form unseres Services an. <br><\/p>\n","protected":false},"excerpt":{"rendered":"<p>Centurio Solutions wurde mit dem Anreiz gegr\u00fcndet einen echten Mehrwert f\u00fcr alle Stakeholder zu schaffen. Dies bedeutet, dass wir nicht nur Kunden oder Profit orientiert arbeiten, sondern einen holistischen Ansatz verfolgen um f\u00fcr alle Beteiligten eine Win-Win Situation zu kreieren. Die Gr\u00fcnder sind ehemalige Mitglieder der Luftlandeeinheiten der Bundeswehr und haben dort umfangreiche Ausbildungen auf [&hellip;]<\/p>\n","protected":false},"author":1,"featured_media":125,"parent":0,"menu_order":0,"comment_status":"closed","ping_status":"closed","template":"","meta":{"footnotes":""},"class_list":["post-87","page","type-page","status-publish","has-post-thumbnail","hentry"],"_links":{"self":[{"href":"https:\/\/centurio-solutions.de\/index.php\/wp-json\/wp\/v2\/pages\/87","targetHints":{"allow":["GET"]}}],"collection":[{"href":"https:\/\/centurio-solutions.de\/index.php\/wp-json\/wp\/v2\/pages"}],"about":[{"href":"https:\/\/centurio-solutions.de\/index.php\/wp-json\/wp\/v2\/types\/page"}],"author":[{"embeddable":true,"href":"https:\/\/centurio-solutions.de\/index.php\/wp-json\/wp\/v2\/users\/1"}],"replies":[{"embeddable":true,"href":"https:\/\/centurio-solutions.de\/index.php\/wp-json\/wp\/v2\/comments?post=87"}],"version-history":[{"count":3,"href":"https:\/\/centurio-solutions.de\/index.php\/wp-json\/wp\/v2\/pages\/87\/revisions"}],"predecessor-version":[{"id":140,"href":"https:\/\/centurio-solutions.de\/index.php\/wp-json\/wp\/v2\/pages\/87\/revisions\/140"}],"wp:featuredmedia":[{"embeddable":true,"href":"https:\/\/centurio-solutions.de\/index.php\/wp-json\/wp\/v2\/media\/125"}],"wp:attachment":[{"href":"https:\/\/centurio-solutions.de\/index.php\/wp-json\/wp\/v2\/media?parent=87"}],"curies":[{"name":"wp","href":"https:\/\/api.w.org\/{rel}","templated":true}]}}