{"id":2,"date":"2024-04-21T09:42:56","date_gmt":"2024-04-21T09:42:56","guid":{"rendered":"https:\/\/centurio-solutions.de\/?page_id=2"},"modified":"2026-03-09T00:40:04","modified_gmt":"2026-03-08T23:40:04","slug":"impressum","status":"publish","type":"page","link":"https:\/\/centurio-solutions.de\/index.php\/impressum\/","title":{"rendered":"Impressum"},"content":{"rendered":"\n<h1 class=\"wp-block-heading\">Impressum<\/h1>\n\n\n\n<p>Angaben gem\u00e4\u00df \u00a7 5 TMG<\/p>\n\n\n\n<p><br><strong>Centurio Solutions GmbH<\/strong><br>Kolonnenstra\u00dfe 8 <br>10827 Berlin<\/p>\n\n\n\n<p><br>Registergericht: Amtsgericht Berlin Charlottenburg<br>Registernummer: HRB 262154B<br>Ust ID: DE368505922<\/p>\n\n\n\n<p><strong>Vertreten durch<\/strong><br>Maziar Salehi<\/p>\n\n\n\n<p><strong>Kontakt<\/strong><br>Telefon: <a href=\"tel:015566053251\" data-type=\"tel\" data-id=\"tel:015566053251\">015566053251<\/a><br>E-Mail: <a href=\"mailto:info@centurio-solutions.de\">info@centurio-solutions.de<\/a><\/p>\n\n\n\n<p><strong>Aufsichtsbeh\u00f6rde<\/strong><br>Bezirksamt Spandau von Berlin<br>Abt. Ordnungsamt<br>Ordnungsamt<br>Galenstr. 14<br>13597 Berlin<\/p>\n\n\n\n<p><strong>BWR ID<\/strong>: 19094<\/p>\n\n\n\n<p><strong>Angaben zur Gewerbehaftpflichtversicherung:<\/strong><br>andsafe Aktiengesellschaft<br>Provinzial-Allee 1<br>48159 M\u00fcnster<br>Handelsregister: Registergericht Amtsgericht M\u00fcnster<br>Registernummer: HRB 17592<\/p>\n\n\n\n<p><strong>EU-Streitschlichtung<\/strong><br>Die Europ\u00e4ische Kommission stellt eine Plattform zur Online-Streitbeilegung (OS) bereit: https:\/\/ec.europa.eu\/consumers\/odr\/.<br>Unsere E-Mail-Adresse finden Sie oben im Impressum.<\/p>\n\n\n\n<p><strong>Quellenangaben f\u00fcr die verwendeten Bilder und Grafiken: <\/strong>https:\/\/www.canva.com\/<\/p>\n","protected":false},"excerpt":{"rendered":"<p>Impressum Angaben gem\u00e4\u00df \u00a7 5 TMG Centurio Solutions GmbHKolonnenstra\u00dfe 8 10827 Berlin Registergericht: Amtsgericht Berlin CharlottenburgRegisternummer: HRB 262154BUst ID: DE368505922 Vertreten durchMaziar Salehi KontaktTelefon: 015566053251E-Mail: info@centurio-solutions.de Aufsichtsbeh\u00f6rdeBezirksamt Spandau von BerlinAbt. OrdnungsamtOrdnungsamtGalenstr. 1413597 Berlin BWR ID: 19094 Angaben zur Gewerbehaftpflichtversicherung:andsafe AktiengesellschaftProvinzial-Allee 148159 M\u00fcnsterHandelsregister: Registergericht Amtsgericht M\u00fcnsterRegisternummer: HRB 17592 EU-StreitschlichtungDie Europ\u00e4ische Kommission stellt eine Plattform zur Online-Streitbeilegung [&hellip;]<\/p>\n","protected":false},"author":1,"featured_media":122,"parent":0,"menu_order":0,"comment_status":"closed","ping_status":"open","template":"","meta":{"footnotes":""},"class_list":["post-2","page","type-page","status-publish","has-post-thumbnail","hentry"],"_links":{"self":[{"href":"https:\/\/centurio-solutions.de\/index.php\/wp-json\/wp\/v2\/pages\/2","targetHints":{"allow":["GET"]}}],"collection":[{"href":"https:\/\/centurio-solutions.de\/index.php\/wp-json\/wp\/v2\/pages"}],"about":[{"href":"https:\/\/centurio-solutions.de\/index.php\/wp-json\/wp\/v2\/types\/page"}],"author":[{"embeddable":true,"href":"https:\/\/centurio-solutions.de\/index.php\/wp-json\/wp\/v2\/users\/1"}],"replies":[{"embeddable":true,"href":"https:\/\/centurio-solutions.de\/index.php\/wp-json\/wp\/v2\/comments?post=2"}],"version-history":[{"count":13,"href":"https:\/\/centurio-solutions.de\/index.php\/wp-json\/wp\/v2\/pages\/2\/revisions"}],"predecessor-version":[{"id":188,"href":"https:\/\/centurio-solutions.de\/index.php\/wp-json\/wp\/v2\/pages\/2\/revisions\/188"}],"wp:featuredmedia":[{"embeddable":true,"href":"https:\/\/centurio-solutions.de\/index.php\/wp-json\/wp\/v2\/media\/122"}],"wp:attachment":[{"href":"https:\/\/centurio-solutions.de\/index.php\/wp-json\/wp\/v2\/media?parent=2"}],"curies":[{"name":"wp","href":"https:\/\/api.w.org\/{rel}","templated":true}]}}